{"id":499,"date":"2018-09-13T22:31:47","date_gmt":"2018-09-13T19:31:47","guid":{"rendered":"http:\/\/www.espookoris.net\/?page_id=499"},"modified":"2019-04-08T22:26:29","modified_gmt":"2019-04-08T19:26:29","slug":"s35-kausi-2018-2019","status":"publish","type":"page","link":"http:\/\/www.espookoris.net\/?page_id=499","title":{"rendered":"S35 kausi 2018-2019"},"content":{"rendered":"<div id=\"art-main\">\n<div class=\"art-sheet clearfix\">\n<div class=\"art-layout-wrapper\">\n<div class=\"art-content-layout\">\n<div class=\"art-content-layout-row\">\n<div class=\"art-layout-cell art-content\">\n<article id=\"post-501\" class=\"art-post art-article post-501 page type-page status-publish hentry\">\n<div class=\"art-postcontent clearfix\">\n<h3><span data-sheets-userformat=\"{&quot;2&quot;:8420225,&quot;3&quot;:{&quot;1&quot;:0},&quot;10&quot;:2,&quot;11&quot;:0,&quot;12&quot;:0,&quot;14&quot;:[null,2,0],&quot;15&quot;:&quot;Arial&quot;,&quot;16&quot;:11,&quot;17&quot;:1,&quot;26&quot;:400}\" data-sheets-value=\"{&quot;1&quot;:2,&quot;2&quot;:&quot;ESPOON KORISSARJA 2018-19 50V&quot;}\">ESPOON KORISSARJA 2018-19 35V<\/span><\/h3>\n<\/div>\n<\/article>\n<\/div>\n<\/div>\n<\/div>\n<\/div>\n<\/div>\n<\/div>\n<p>P\u00e4ivitetty 8.4.2019<\/p>\n<p>\u00a0<\/p>\n<p>V\u00e4lier\u00e4parit:<\/p>\n<div>Tuoksu vs Akilles<\/div>\n<div>Otso vs Honkarit<\/div>\n<p>\u00a0<\/p>\n<p>\u00a0<\/p>\n<table dir=\"ltr\" border=\"1\" cellspacing=\"0\" cellpadding=\"0\"><colgroup><col width=\"150\" \/><col width=\"158\" \/><col width=\"82\" \/><col width=\"123\" \/><col width=\"74\" \/><\/colgroup>\n<tbody>\n<tr>\n<td data-sheets-value=\"{&quot;1&quot;:2,&quot;2&quot;:&quot;Joukkueet&quot;}\"><strong>Joukkueet<\/strong><\/td>\n<td data-sheets-value=\"{&quot;1&quot;:2,&quot;2&quot;:&quot;Ottelut&quot;}\"><strong>Ottelut<\/strong><\/td>\n<td data-sheets-value=\"{&quot;1&quot;:2,&quot;2&quot;:&quot;Voitot&quot;}\"><strong>Voitot<\/strong><\/td>\n<td data-sheets-value=\"{&quot;1&quot;:2,&quot;2&quot;:&quot;Tappiot&quot;}\"><strong>Tappiot<\/strong><\/td>\n<td data-sheets-value=\"{&quot;1&quot;:2,&quot;2&quot;:&quot;Pisteet&quot;}\"><strong>Pisteet<\/strong><\/td>\n<\/tr>\n<tr>\n<td data-sheets-value=\"{&quot;1&quot;:2,&quot;2&quot;:&quot;TuOKSu&quot;}\">TuOKSu<\/td>\n<td data-sheets-value=\"{&quot;1&quot;:3,&quot;3&quot;:6}\">6<\/td>\n<td data-sheets-value=\"{&quot;1&quot;:3,&quot;3&quot;:4}\">4<\/td>\n<td data-sheets-value=\"{&quot;1&quot;:3,&quot;3&quot;:2}\">2<\/td>\n<td data-sheets-value=\"{&quot;1&quot;:3,&quot;3&quot;:8}\" data-sheets-formula=\"=R[0]C[-2]*2\">8<\/td>\n<\/tr>\n<tr>\n<td data-sheets-value=\"{&quot;1&quot;:2,&quot;2&quot;:&quot;Akilles&quot;}\">Akilles<\/td>\n<td data-sheets-value=\"{&quot;1&quot;:3,&quot;3&quot;:5}\">5<\/td>\n<td data-sheets-value=\"{&quot;1&quot;:3,&quot;3&quot;:3}\">3<\/td>\n<td data-sheets-value=\"{&quot;1&quot;:3,&quot;3&quot;:2}\">2<\/td>\n<td data-sheets-value=\"{&quot;1&quot;:3,&quot;3&quot;:6}\" data-sheets-formula=\"=R[0]C[-2]*2\">6<\/td>\n<\/tr>\n<tr>\n<td data-sheets-value=\"{&quot;1&quot;:2,&quot;2&quot;:&quot;Tapiolan Otso&quot;}\">Tapiolan Otso<\/td>\n<td data-sheets-value=\"{&quot;1&quot;:3,&quot;3&quot;:5}\">5<\/td>\n<td data-sheets-value=\"{&quot;1&quot;:3,&quot;3&quot;:3}\">3<\/td>\n<td data-sheets-value=\"{&quot;1&quot;:3,&quot;3&quot;:2}\">2<\/td>\n<td data-sheets-value=\"{&quot;1&quot;:3,&quot;3&quot;:6}\" data-sheets-formula=\"=R[0]C[-2]*2\">6<\/td>\n<\/tr>\n<tr>\n<td data-sheets-value=\"{&quot;1&quot;:2,&quot;2&quot;:&quot;Honkarit&quot;}\">Honkarit<\/td>\n<td data-sheets-value=\"{&quot;1&quot;:3,&quot;3&quot;:4}\">4<\/td>\n<td data-sheets-value=\"{&quot;1&quot;:3,&quot;3&quot;:0}\">0<\/td>\n<td data-sheets-value=\"{&quot;1&quot;:3,&quot;3&quot;:4}\">4<\/td>\n<td data-sheets-value=\"{&quot;1&quot;:3,&quot;3&quot;:0}\" data-sheets-formula=\"=R[0]C[-2]*2\">0<\/td>\n<\/tr>\n<\/tbody>\n<\/table>\n<p>\u00a0<\/p>\n<p>\u00a0<\/p>\n<table dir=\"ltr\" border=\"1\" cellspacing=\"0\" cellpadding=\"0\"><colgroup><col width=\"150\" \/><col width=\"158\" \/><col width=\"82\" \/><\/colgroup>\n<tbody>\n<tr>\n<td data-sheets-value=\"{&quot;1&quot;:2,&quot;2&quot;:&quot;KOTI&quot;}\"><strong>KOTI<\/strong><\/td>\n<td data-sheets-value=\"{&quot;1&quot;:2,&quot;2&quot;:&quot;VIERAS&quot;}\"><strong>VIERAS<\/strong><\/td>\n<td data-sheets-value=\"{&quot;1&quot;:2,&quot;2&quot;:&quot;TULOS&quot;}\"><strong>TULOS<\/strong><\/td>\n<\/tr>\n<tr>\n<td data-sheets-value=\"{&quot;1&quot;:2,&quot;2&quot;:&quot;Kierros 1&quot;}\">Kierros 1<\/td>\n<td data-sheets-value=\"{&quot;1&quot;:2,&quot;2&quot;:&quot;Alkaen&quot;}\">Alkaen<\/td>\n<td data-sheets-value=\"{&quot;1&quot;:2,&quot;2&quot;:&quot;Viikko 44&quot;}\">Viikko 44<\/td>\n<\/tr>\n<tr>\n<td data-sheets-value=\"{&quot;1&quot;:2,&quot;2&quot;:&quot;Akilles&quot;}\">Akilles<\/td>\n<td data-sheets-value=\"{&quot;1&quot;:2,&quot;2&quot;:&quot;Tapiolan Otso&quot;}\">Tapiolan Otso<\/td>\n<td data-sheets-value=\"{&quot;1&quot;:2,&quot;2&quot;:&quot;78-75&quot;}\">78-75<\/td>\n<\/tr>\n<tr>\n<td data-sheets-value=\"{&quot;1&quot;:2,&quot;2&quot;:&quot;TuOKSu&quot;}\">TuOKSu<\/td>\n<td data-sheets-value=\"{&quot;1&quot;:2,&quot;2&quot;:&quot;Honkarit&quot;}\">Honkarit<\/td>\n<td data-sheets-value=\"{&quot;1&quot;:2,&quot;2&quot;:&quot;71-66&quot;}\">71-66<\/td>\n<\/tr>\n<tr>\n<td>\u00a0<\/td>\n<td>\u00a0<\/td>\n<td>\u00a0<\/td>\n<\/tr>\n<tr>\n<td>\u00a0<\/td>\n<td>\u00a0<\/td>\n<td>\u00a0<\/td>\n<\/tr>\n<tr>\n<td data-sheets-value=\"{&quot;1&quot;:2,&quot;2&quot;:&quot;Kierros 2&quot;}\">Kierros 2<\/td>\n<td>\u00a0<\/td>\n<td>\u00a0<\/td>\n<\/tr>\n<tr>\n<td data-sheets-value=\"{&quot;1&quot;:2,&quot;2&quot;:&quot;Tapiolan Otso&quot;}\">Tapiolan Otso<\/td>\n<td data-sheets-value=\"{&quot;1&quot;:2,&quot;2&quot;:&quot;TuOKSu&quot;}\">TuOKSu<\/td>\n<td data-sheets-value=\"{&quot;1&quot;:2,&quot;2&quot;:&quot;77-72&quot;}\">77-72<\/td>\n<\/tr>\n<tr>\n<td data-sheets-value=\"{&quot;1&quot;:2,&quot;2&quot;:&quot;Honkarit&quot;}\">Honkarit<\/td>\n<td data-sheets-value=\"{&quot;1&quot;:2,&quot;2&quot;:&quot;Akilles&quot;}\">Akilles<\/td>\n<td data-sheets-value=\"{&quot;1&quot;:2,&quot;2&quot;:&quot;65-77&quot;}\">65-77<\/td>\n<\/tr>\n<tr>\n<td>\u00a0<\/td>\n<td>\u00a0<\/td>\n<td>\u00a0<\/td>\n<\/tr>\n<tr>\n<td>\u00a0<\/td>\n<td>\u00a0<\/td>\n<td>\u00a0<\/td>\n<\/tr>\n<tr>\n<td data-sheets-value=\"{&quot;1&quot;:2,&quot;2&quot;:&quot;Kierros 3&quot;}\">Kierros 3<\/td>\n<td>\u00a0<\/td>\n<td>\u00a0<\/td>\n<\/tr>\n<tr>\n<td data-sheets-value=\"{&quot;1&quot;:2,&quot;2&quot;:&quot;Tapiolan Otso&quot;}\">Tapiolan Otso<\/td>\n<td data-sheets-value=\"{&quot;1&quot;:2,&quot;2&quot;:&quot;Honkarit&quot;}\">Honkarit<\/td>\n<td>\u00a0<\/td>\n<\/tr>\n<tr>\n<td data-sheets-value=\"{&quot;1&quot;:2,&quot;2&quot;:&quot;TuOKSu&quot;}\">TuOKSu<\/td>\n<td data-sheets-value=\"{&quot;1&quot;:2,&quot;2&quot;:&quot;Akilles&quot;}\">Akilles<\/td>\n<td data-sheets-value=\"{&quot;1&quot;:2,&quot;2&quot;:&quot;91-87&quot;}\">91-87<\/td>\n<\/tr>\n<tr>\n<td>\u00a0<\/td>\n<td>\u00a0<\/td>\n<td>\u00a0<\/td>\n<\/tr>\n<tr>\n<td>\u00a0<\/td>\n<td>\u00a0<\/td>\n<td>\u00a0<\/td>\n<\/tr>\n<tr>\n<td data-sheets-value=\"{&quot;1&quot;:2,&quot;2&quot;:&quot;Kierros 4&quot;}\">Kierros 4<\/td>\n<td>\u00a0<\/td>\n<td>\u00a0<\/td>\n<\/tr>\n<tr>\n<td data-sheets-value=\"{&quot;1&quot;:2,&quot;2&quot;:&quot;Tapiolan Otso&quot;}\">Tapiolan Otso<\/td>\n<td data-sheets-value=\"{&quot;1&quot;:2,&quot;2&quot;:&quot;Akilles&quot;}\">Akilles<\/td>\n<td data-sheets-value=\"{&quot;1&quot;:2,&quot;2&quot;:&quot;65-70&quot;}\">65-70<\/td>\n<\/tr>\n<tr>\n<td data-sheets-value=\"{&quot;1&quot;:2,&quot;2&quot;:&quot;Honkarit&quot;}\">Honkarit<\/td>\n<td data-sheets-value=\"{&quot;1&quot;:2,&quot;2&quot;:&quot;TuOKSu&quot;}\">TuOKSu<\/td>\n<td data-sheets-value=\"{&quot;1&quot;:2,&quot;2&quot;:&quot;58-60&quot;}\">58-60<\/td>\n<\/tr>\n<tr>\n<td>\u00a0<\/td>\n<td>\u00a0<\/td>\n<td>\u00a0<\/td>\n<\/tr>\n<tr>\n<td>\u00a0<\/td>\n<td>\u00a0<\/td>\n<td>\u00a0<\/td>\n<\/tr>\n<tr>\n<td data-sheets-value=\"{&quot;1&quot;:2,&quot;2&quot;:&quot;Kierros 5&quot;}\">Kierros 5<\/td>\n<td>\u00a0<\/td>\n<td>\u00a0<\/td>\n<\/tr>\n<tr>\n<td data-sheets-value=\"{&quot;1&quot;:2,&quot;2&quot;:&quot;Akilles&quot;}\">Akilles<\/td>\n<td data-sheets-value=\"{&quot;1&quot;:2,&quot;2&quot;:&quot;Honkarit&quot;}\">Honkarit<\/td>\n<td>\u00a0<\/td>\n<\/tr>\n<tr>\n<td data-sheets-value=\"{&quot;1&quot;:2,&quot;2&quot;:&quot;TuOKSu&quot;}\">TuOKSu<\/td>\n<td data-sheets-value=\"{&quot;1&quot;:2,&quot;2&quot;:&quot;Tapiolan Otso&quot;}\">Tapiolan Otso<\/td>\n<td data-sheets-value=\"{&quot;1&quot;:2,&quot;2&quot;:&quot;74-89&quot;}\">74-89<\/td>\n<\/tr>\n<tr>\n<td>\u00a0<\/td>\n<td>\u00a0<\/td>\n<td>\u00a0<\/td>\n<\/tr>\n<tr>\n<td>\u00a0<\/td>\n<td>\u00a0<\/td>\n<td>\u00a0<\/td>\n<\/tr>\n<tr>\n<td data-sheets-value=\"{&quot;1&quot;:2,&quot;2&quot;:&quot;KOTI&quot;}\">KOTI<\/td>\n<td data-sheets-value=\"{&quot;1&quot;:2,&quot;2&quot;:&quot;VIERAS&quot;}\">VIERAS<\/td>\n<td>\u00a0<\/td>\n<\/tr>\n<tr>\n<td data-sheets-value=\"{&quot;1&quot;:2,&quot;2&quot;:&quot;Kierros 6&quot;}\">Kierros 6<\/td>\n<td data-sheets-value=\"{&quot;1&quot;:2,&quot;2&quot;:&quot;Viimeist\u00e4\u00e4n Viikko 13&quot;}\">Viimeist\u00e4\u00e4n Viikko 13<\/td>\n<td>\u00a0<\/td>\n<\/tr>\n<tr>\n<td data-sheets-value=\"{&quot;1&quot;:2,&quot;2&quot;:&quot;Honkarit&quot;}\">Honkarit<\/td>\n<td data-sheets-value=\"{&quot;1&quot;:2,&quot;2&quot;:&quot;Tapiolan Otso&quot;}\">Tapiolan Otso<\/td>\n<td data-sheets-value=\"{&quot;1&quot;:2,&quot;2&quot;:&quot;60-76&quot;}\">60-76<\/td>\n<\/tr>\n<tr>\n<td data-sheets-value=\"{&quot;1&quot;:2,&quot;2&quot;:&quot;Akilles &quot;}\">Akilles<\/td>\n<td data-sheets-value=\"{&quot;1&quot;:2,&quot;2&quot;:&quot;TuOKSu&quot;}\">TuOKSu<\/td>\n<td data-sheets-value=\"{&quot;1&quot;:2,&quot;2&quot;:&quot;64-69&quot;}\">64-69<\/td>\n<\/tr>\n<\/tbody>\n<\/table>\n\n\n<p>Finaaliin p\u00e4\u00e4sev\u00e4t ratkotaan v\u00e4lierill\u00e4.<\/p>\n\n\n\n<p>Tulokset l\u00e4hetet\u00e4\u00e4n osoitteella:&nbsp;sarja35(miuku)espookoris.net<\/p>\n","protected":false},"excerpt":{"rendered":"<p>ESPOON KORISSARJA 2018-19 35V P\u00e4ivitetty 8.4.2019 \u00a0 V\u00e4lier\u00e4parit: Tuoksu vs Akilles Otso vs Honkarit \u00a0 \u00a0 Joukkueet Ottelut Voitot Tappiot Pisteet TuOKSu 6 4 2 8 Akilles 5 3 2 6 Tapiolan Otso 5 3 2 6 Honkarit 4 0 4 0 \u00a0 \u00a0 KOTI VIERAS TULOS Kierros 1 Alkaen Viikko 44 Akilles Tapiolan Otso &hellip; <a href=\"http:\/\/www.espookoris.net\/?page_id=499\" class=\"more-link\">Continue reading<span class=\"screen-reader-text\"> &#8220;S35 kausi 2018-2019&#8221;<\/span><\/a><\/p>\n","protected":false},"author":1,"featured_media":0,"parent":16,"menu_order":0,"comment_status":"closed","ping_status":"closed","template":"","meta":{"footnotes":""},"class_list":["post-499","page","type-page","status-publish","hentry"],"_links":{"self":[{"href":"http:\/\/www.espookoris.net\/index.php?rest_route=\/wp\/v2\/pages\/499","targetHints":{"allow":["GET"]}}],"collection":[{"href":"http:\/\/www.espookoris.net\/index.php?rest_route=\/wp\/v2\/pages"}],"about":[{"href":"http:\/\/www.espookoris.net\/index.php?rest_route=\/wp\/v2\/types\/page"}],"author":[{"embeddable":true,"href":"http:\/\/www.espookoris.net\/index.php?rest_route=\/wp\/v2\/users\/1"}],"replies":[{"embeddable":true,"href":"http:\/\/www.espookoris.net\/index.php?rest_route=%2Fwp%2Fv2%2Fcomments&post=499"}],"version-history":[{"count":15,"href":"http:\/\/www.espookoris.net\/index.php?rest_route=\/wp\/v2\/pages\/499\/revisions"}],"predecessor-version":[{"id":736,"href":"http:\/\/www.espookoris.net\/index.php?rest_route=\/wp\/v2\/pages\/499\/revisions\/736"}],"up":[{"embeddable":true,"href":"http:\/\/www.espookoris.net\/index.php?rest_route=\/wp\/v2\/pages\/16"}],"wp:attachment":[{"href":"http:\/\/www.espookoris.net\/index.php?rest_route=%2Fwp%2Fv2%2Fmedia&parent=499"}],"curies":[{"name":"wp","href":"https:\/\/api.w.org\/{rel}","templated":true}]}}